{"id":2572,"date":"2025-09-12T17:21:40","date_gmt":"2025-09-12T15:21:40","guid":{"rendered":"https:\/\/leite.cz\/adatvedelmi-szabalyzat\/"},"modified":"2025-10-21T23:11:05","modified_gmt":"2025-10-21T21:11:05","slug":"adatvedelmi-szabalyzat","status":"publish","type":"page","link":"https:\/\/leite.cz\/hu\/adatvedelmi-szabalyzat\/","title":{"rendered":"Adatv\u00e9delmi Szab\u00e1lyzat"},"content":{"rendered":"\n<h2 class=\"wp-block-heading\">T\u00e1j\u00e9koztat\u00f3 a szem\u00e9lyes adatok kezel\u00e9s\u00e9r\u0151l<\/h2>\n\n<p><\/p>\n\n<p><strong>Leite group s.r.o.<\/strong>,<strong> <\/strong>C\u00e9gjegyz\u00e9ksz\u00e1m: 041 64 920, sz\u00e9khelye: Kabe\u0161ova 943\/2, Vyso\u010dany, 190 00 Pr\u00e1ga 9, a Pr\u00e1gai V\u00e1rosi B\u00edr\u00f3s\u00e1g \u00e1ltal vezetett c\u00e9gjegyz\u00e9kbe C 243533 \u00fcgysz\u00e1m alatt bejegyezve (a tov\u00e1bbiakban: \u201emi\u201d) a szem\u00e9lyes adatok v\u00e9delm\u00e9t k\u00f6telezetts\u00e9geink szerves r\u00e9sz\u00e9nek tekintj\u00fck, nemcsak \u00fcgyfeleink \u00e9s alkalmazottaink, hanem \u00d6n\u00f6k, besz\u00e1ll\u00edt\u00f3ink \u00e9s vev\u0151ink, alv\u00e1llalkoz\u00f3ik, a vezet\u0151 szervek tagjai \u00e9s kapcsolattart\u00f3 szem\u00e9lyei, valamint egy\u00e9b alkalmazottaik, a megval\u00f3s\u00edt\u00f3 csapatok tagjai \u00e9s alv\u00e1llalkoz\u00f3ik fel\u00e9 is (a tov\u00e1bbiakban: \u201e<g id=\"gid_0\">\u00fczleti partnerek<\/g>\u201d vagy \u201e<g id=\"gid_1\">\u00d6n\u00f6k<\/g>\u201d). Ez\u00e9rt a szem\u00e9lyes adatok v\u00e9delm\u00e9re kell\u0151 figyelmet ford\u00edtunk, \u00e9s az adatv\u00e9delem biztos\u00edt\u00e1sa sor\u00e1n a jogszab\u00e1lyoknak megfelel\u0151en j\u00e1runk el.    <\/p>\n\n<p>Ebben a dokumentumban inform\u00e1ci\u00f3kat tal\u00e1l arr\u00f3l, hogy milyen szem\u00e9lyes adatokat kezel\u00fcnk az \u00d6n \u00e9s k\u00f6zt\u00fcnk fenn\u00e1ll\u00f3 kapcsolat keret\u00e9ben. Itt inform\u00e1ci\u00f3kat tal\u00e1l arr\u00f3l, hogy az \u00d6n hozz\u00e1j\u00e1rul\u00e1sa alapj\u00e1n vagy m\u00e1s jogalap (ok) alapj\u00e1n kezelj\u00fck-e a szem\u00e9lyes adatokat, milyen c\u00e9lokra kezelj\u00fck az adatokat, tov\u00e1bb\u00edtjuk-e azokat valakinek, \u00e9s milyen jogai vannak a szem\u00e9lyes adatok kezel\u00e9s\u00e9vel kapcsolatban. K\u00e9rj\u00fck, tekintse ezt a dokumentumot fontos inform\u00e1ci\u00f3forr\u00e1snak arr\u00f3l, hogyan kezelj\u00fck szem\u00e9lyes adatait.  <\/p>\n\n<h3 class=\"wp-block-heading\"><strong>A.<\/strong> <strong>Milyen szem\u00e9lyes adatokat kezel\u00fcnk?<\/strong><\/h3>\n\n<p>A k\u00f6vetkez\u0151 szem\u00e9lyes adatokat kezelj\u00fck:<\/p>\n\n<ol style=\"list-style-type:lower-alpha\" class=\"wp-block-list\">\n<li><strong>Azonos\u00edt\u00f3 adatok<\/strong>, amelyek k\u00fcl\u00f6n\u00f6sen a n\u00e9v, vezet\u00e9kn\u00e9v, sz\u00fclet\u00e9si d\u00e1tum, munkak\u00f6r, \u00e9s amennyiben \u00d6n egy\u00e9ni v\u00e1llalkoz\u00f3k\u00e9nt \u00fcgyfel\u00fcnk, akkor az \u00d6n ad\u00f3sz\u00e1ma \u00e9s ad\u00f3azonos\u00edt\u00f3 jele is<\/li>\n\n\n\n<li><strong>Kapcsolattart\u00e1si adatok<\/strong>, amelyek olyan szem\u00e9lyes adatok, amelyek lehet\u0151v\u00e9 teszik sz\u00e1munkra az \u00d6nnel val\u00f3 kapcsolatfelv\u00e9telt, k\u00fcl\u00f6n\u00f6sen a kapcsolattart\u00e1si c\u00edm, telefonsz\u00e1m, e-mail c\u00edm stb.,<\/li>\n\n\n\n<li><strong>K\u00f6lcs\u00f6n\u00f6s kommunik\u00e1ci\u00f3 feljegyz\u00e9sei<\/strong>, amelyek k\u00fcl\u00f6n\u00f6sen az \u00edr\u00e1sbeli levelez\u00e9s vagy m\u00e1s kommunik\u00e1ci\u00f3s form\u00e1k feljegyz\u00e9sei;<\/li>\n\n\n\n<li><strong>A szerz\u0151d\u00e9s teljes\u00edt\u00e9s\u00e9hez sz\u00fcks\u00e9ges inform\u00e1ci\u00f3k<\/strong>, amelyek k\u00fcl\u00f6n\u00f6sen a haszn\u00e1lt szolg\u00e1ltat\u00e1sokra \u00e9s azok haszn\u00e1lat\u00e1nak m\u00e9rt\u00e9k\u00e9re vonatkoz\u00f3 adatok, bejelentkez\u00e9si azonos\u00edt\u00f3k, \u00e9s amennyiben \u00d6n egy\u00e9ni v\u00e1llalkoz\u00f3k\u00e9nt \u00fcgyfel\u00fcnk, akkor az \u00d6n banksz\u00e1mlasz\u00e1ma is.<\/li>\n<\/ol>\n\n<h3 class=\"wp-block-heading\"><strong>B. Mi\u00e9rt kezelj\u00fck a szem\u00e9lyes adatokat, \u00e9s mi jogos\u00edt fel minket erre?<\/strong><\/h3>\n\n<p>A szem\u00e9lyes adatokat a k\u00f6vetkez\u0151 c\u00e9lokra kezelj\u00fck:<\/p>\n\n<ol style=\"list-style-type:lower-alpha\" class=\"wp-block-list\">\n<li>\u00fczleti partnerekkel k\u00f6t\u00f6tt szerz\u0151d\u00e9sek megk\u00f6t\u00e9se \u00e9s teljes\u00edt\u00e9se, a szerz\u0151d\u00e9s teljes\u00edt\u00e9se alapj\u00e1n, ha az \u00fczleti partner term\u00e9szetes szem\u00e9ly, vagy az ilyen szerz\u0151d\u00e9s teljes\u00edt\u00e9s\u00e9hez f\u0171z\u0151d\u0151 jogos \u00e9rdek\u00fcnk alapj\u00e1n, ha az \u00fczleti partnert k\u00e9pvisel\u0151 vagy a szerz\u0151d\u00e9s teljes\u00edt\u00e9s\u00e9ben m\u00e1s m\u00f3don r\u00e9szt vev\u0151 term\u00e9szetes szem\u00e9lyr\u0151l van sz\u00f3 (pl. \u00fczleti partnereink \u00e9s \u00fcgyfeleink alkalmazottai, akik szolg\u00e1ltat\u00e1saink felhaszn\u00e1l\u00f3i);<\/li>\n\n\n\n<li>bels\u0151 adminisztrat\u00edv ig\u00e9nyek, a ny\u00fajtott szolg\u00e1ltat\u00e1sok nyilv\u00e1ntart\u00e1s\u00e1nak l\u00e9trehoz\u00e1sa, m\u00e9gpedig az \u00fczleti partnerekkel k\u00f6t\u00f6tt szerz\u0151d\u00e9sek megfelel\u0151 nyilv\u00e1ntart\u00e1s\u00e1nak biztos\u00edt\u00e1s\u00e1hoz f\u0171z\u0151d\u0151 jogos \u00e9rdek\u00fcnk, valamint az \u00fczleti partnerekkel val\u00f3 kapcsolatok kezel\u00e9s\u00e9hez \u00e9s a folyamatok optimaliz\u00e1l\u00e1s\u00e1hoz f\u0171z\u0151d\u0151 jogos \u00e9rdek\u00fcnk alapj\u00e1n;<\/li>\n\n\n\n<li>az IT infrastrukt\u00fara biztons\u00e1ga \u00e9s karbantart\u00e1sa, eszk\u00f6zeink \u00e9s egy\u00e9b vagyonunk v\u00e9delme, m\u00e9gpedig a kiberbiztons\u00e1g \u00e9s vagyonunk v\u00e9delm\u00e9nek biztos\u00edt\u00e1s\u00e1hoz sz\u00fcks\u00e9ges technikai int\u00e9zked\u00e9sek megt\u00e9tel\u00e9hez f\u0171z\u0151d\u0151 jogos \u00e9rdek\u00fcnk alapj\u00e1n; <\/li>\n\n\n\n<li>jogi ig\u00e9nyek v\u00e9delme, m\u00e9gpedig a jogaink \u00e9s ig\u00e9nyeink megfelel\u0151 v\u00e9delm\u00e9nek \u00e9s hat\u00e9kony \u00e9rv\u00e9nyes\u00edt\u00e9s\u00e9nek biztos\u00edt\u00e1s\u00e1hoz f\u0171z\u0151d\u0151 jogos \u00e9rdek\u00fcnk alapj\u00e1n;<\/li>\n\n\n\n<li>t\u00f6rv\u00e9nyi \u00e9s egy\u00e9b k\u00f6telezetts\u00e9gek betart\u00e1sa, k\u00fcl\u00f6n\u00f6sen az ad\u00f3z\u00e1si \u00e9s sz\u00e1mviteli ter\u00fcleten, m\u00e9gpedig az adatkezel\u0151k\u00e9nt r\u00e1nk vonatkoz\u00f3 jogi k\u00f6telezetts\u00e9g alapj\u00e1n.<\/li>\n<\/ol>\n\n<h3 class=\"wp-block-heading\">C. Milyen forr\u00e1sokb\u00f3l szerezz\u00fck be a szem\u00e9lyes adatokat, \u00e9s mennyi ideig kezelj\u00fck azokat?<\/h3>\n\n<p>A szem\u00e9lyes adatokat k\u00f6zvetlen\u00fcl \u00d6nt\u0151l szerezz\u00fck be az\u00e1ltal, hogy kit\u00f6lti azokat szolg\u00e1ltat\u00e1saink ig\u00e9nyl\u00e9sekor \u00e9s a szerz\u0151d\u00e9ses dokument\u00e1ci\u00f3ban. Tov\u00e1bb\u00e1 olyan szem\u00e9lyes adatokat is gy\u0171jt\u00fcnk \u00e9s kezel\u00fcnk, amelyeket az \u00d6n munk\u00e1ltat\u00f3ja bocs\u00e1tott rendelkez\u00e9s\u00fcnkre, szolg\u00e1ltat\u00e1saink ig\u00e9nybev\u00e9tel\u00e9nek c\u00e9lj\u00e1b\u00f3l. <\/p>\n\n<p>A szem\u00e9lyes adatokat a sz\u00fcks\u00e9ges m\u00e9rt\u00e9kben a k\u00f6vetkez\u0151 id\u0151tartamig t\u00e1roljuk:<\/p>\n\n<ol style=\"list-style-type:lower-alpha\" class=\"wp-block-list\">\n<li>a szerz\u0151d\u00e9s id\u0151tartama alatt a fenti a) pont szerinti c\u00e9l eset\u00e9n; <\/li>\n\n\n\n<li>az el\u00e9v\u00fcl\u00e9si id\u0151tartam alatt, bele\u00e9rtve az esetleges felf\u00fcggeszt\u00e9s\u00e9t vagy megszak\u00edt\u00e1s\u00e1t fedez\u0151 id\u0151t is, azonban jellemz\u0151en legfeljebb 16 \u00e9vig a szerz\u0151d\u00e9s hat\u00e1ly\u00e1nak megsz\u0171n\u00e9se ut\u00e1n a fenti b) \u00e9s d) pontok szerinti c\u00e9lok eset\u00e9n;<\/li>\n\n\n\n<li>a vonatkoz\u00f3 jogi k\u00f6telezetts\u00e9gek teljes\u00edt\u00e9se a fenti e) pont szerinti c\u00e9lok eset\u00e9n.<\/li>\n<\/ol>\n\n<h3 class=\"wp-block-heading\"><strong>D. Ki kezeli az \u00d6n szem\u00e9lyes adatait, \u00e9s kinek tov\u00e1bb\u00edtjuk azokat?<\/strong><\/h3>\n\n<p>Az \u00f6sszes eml\u00edtett szem\u00e9lyes adatot mi kezelj\u00fck mint <strong>adatkezel\u0151<\/strong>. Ez azt jelenti, hogy mi hat\u00e1rozzuk meg a fentebb meghat\u00e1rozott c\u00e9lokat, amelyekre az \u00d6n szem\u00e9lyes adatait gy\u0171jtj\u00fck, meghat\u00e1rozzuk a kezel\u00e9s eszk\u00f6zeit, \u00e9s felel\u0151sek vagyunk annak megfelel\u0151 v\u00e9grehajt\u00e1s\u00e1\u00e9rt. <\/p>\n\n<p>A szem\u00e9lyes adatok kezel\u00e9s\u00e9hez m\u00e1s adatfeldolgoz\u00f3k szolg\u00e1ltat\u00e1sait is ig\u00e9nybe vessz\u00fck, akik utas\u00edt\u00e1saink szerint kezelik a szem\u00e9lyes adatokat. Ilyen <strong>adatfeldolgoz\u00f3k <\/strong>k\u00fcl\u00f6n\u00f6sen:   <\/p>\n\n<ol style=\"list-style-type:lower-alpha\" class=\"wp-block-list\">\n<li>Hardver- \u00e9s szoftvert\u00e1mogat\u00e1st ny\u00fajt\u00f3 kapcsol\u00f3d\u00f3 IT szolg\u00e1ltat\u00f3k.<\/li>\n<\/ol>\n\n<p>Minden adatfeldolgoz\u00f3 adatfeldolgoz\u00e1si szerz\u0151d\u00e9ssel k\u00f6telezett az adatv\u00e9delmi jogszab\u00e1lyok k\u00f6vetelm\u00e9nyeinek teljes\u00edt\u00e9s\u00e9re, k\u00fcl\u00f6n\u00f6sen az \u00d6n szem\u00e9lyes adatainak v\u00e9delm\u00e9re.<\/p>\n\n<p>Tov\u00e1bb\u00e1 k\u00f6telesek vagyunk a kezelt szem\u00e9lyes adatokat \u00e1tadni az \u00e1llamigazgat\u00e1si szerveknek, b\u00edr\u00f3s\u00e1goknak, b\u0171n\u00fcld\u00f6z\u0151 szerveknek, fel\u00fcgyeleti szerveknek, amennyiben erre felk\u00e9rnek minket, vagy k\u00f6nyvvizsg\u00e1l\u00f3 c\u00e9geknek, ha azt jogszab\u00e1lyok el\u0151\u00edrj\u00e1k.<\/p>\n\n<h3 class=\"wp-block-heading\"><strong>E. Milyen jogai vannak a szem\u00e9lyes adatok kezel\u00e9se sor\u00e1n?<\/strong><\/h3>\n\n<p>Ahogy nek\u00fcnk is vannak jogaink \u00e9s k\u00f6telezetts\u00e9geink az \u00d6n szem\u00e9lyes adatainak kezel\u00e9se sor\u00e1n, \u00fagy \u00d6nnek is vannak bizonyos jogai a szem\u00e9lyes adatai kezel\u00e9sekor.<\/p>\n\n<p><strong>Hozz\u00e1f\u00e9r\u00e9si jog<\/strong><\/p>\n\n<p>Egyszer\u0171en fogalmazva, joga van tudni, milyen adatokat kezel\u00fcnk \u00d6nr\u0151l, milyen c\u00e9lb\u00f3l, mennyi ideig, honnan szerezz\u00fck be szem\u00e9lyes adatait, kinek tov\u00e1bb\u00edtjuk azokat, ki kezeli azokat rajtunk k\u00edv\u00fcl, \u00e9s milyen egy\u00e9b jogai vannak a szem\u00e9lyes adatai kezel\u00e9s\u00e9vel kapcsolatban. Mindezt megtudta ebb\u0151l a szem\u00e9lyes adatok kezel\u00e9s\u00e9r\u0151l sz\u00f3l\u00f3 t\u00e1j\u00e9koztat\u00f3b\u00f3l. Ha azonban nem biztos abban, hogy mely szem\u00e9lyes adatokat kezelj\u00fck \u00d6nr\u0151l, k\u00e9rhet t\u0151l\u00fcnk meger\u0151s\u00edt\u00e9st arr\u00f3l, hogy az \u00d6nre vonatkoz\u00f3 szem\u00e9lyes adatokat kezelj\u00fck-e vagy sem, \u00e9s ha igen, joga van hozz\u00e1f\u00e9rni ezekhez a szem\u00e9lyes adatokhoz. A hozz\u00e1f\u00e9r\u00e9si jog keret\u00e9ben k\u00e9rhet t\u0151l\u00fcnk m\u00e1solatot a kezelt szem\u00e9lyes adatokr\u00f3l, az els\u0151 m\u00e1solatot ingyenesen biztos\u00edtjuk, a tov\u00e1bbi m\u00e1solatok\u00e9rt pedig d\u00edjat sz\u00e1m\u00edtunk fel.   <\/p>\n\n<p><strong>Helyesb\u00edt\u00e9shez val\u00f3 jog<\/strong><\/p>\n\n<p>Ha \u00fagy tal\u00e1lja, hogy az \u00d6nr\u0151l kezelt szem\u00e9lyes adatok pontatlanok vagy hi\u00e1nyosak, joga van ahhoz, hogy azokat indokolatlan k\u00e9sedelem n\u00e9lk\u00fcl helyesb\u00edts\u00fck, illetve kieg\u00e9sz\u00edts\u00fck.<\/p>\n\n<p><strong>T\u00f6rl\u00e9shez val\u00f3 jog<\/strong><\/p>\n\n<p>Bizonyos esetekben joga van ahhoz, hogy szem\u00e9lyes adatait t\u00f6r\u00f6lj\u00fck. Szem\u00e9lyes adatait indokolatlan k\u00e9sedelem n\u00e9lk\u00fcl t\u00f6r\u00f6lj\u00fck, ha az al\u00e1bbi okok valamelyike fenn\u00e1ll:   <\/p>\n\n<ol style=\"list-style-type:lower-alpha\" class=\"wp-block-list\">\n<li>Szem\u00e9lyes adataira m\u00e1r nincs sz\u00fcks\u00e9g\u00fcnk azokra a c\u00e9lokra, amelyekre azokat kezelt\u00fck, <\/li>\n\n\n\n<li>\u00e9l jog\u00e1val, hogy tiltakozzon az ellen a szem\u00e9lyes adatkezel\u00e9s ellen, amelyet jogos \u00e9rdekeink alapj\u00e1n v\u00e9gz\u00fcnk, \u00e9s mi \u00fagy tal\u00e1ljuk, hogy m\u00e1r nincsenek olyan jogos \u00e9rdekeink, amelyek indokoln\u00e1k ezt a kezel\u00e9st, vagy  <\/li>\n\n\n\n<li>kider\u00fcl, hogy az \u00e1ltalunk v\u00e9gzett szem\u00e9lyes adatkezel\u00e9s m\u00e1r nem felel meg az \u00e1ltal\u00e1nosan k\u00f6telez\u0151 el\u0151\u00edr\u00e1soknak.  <\/li>\n<\/ol>\n\n<p>De k\u00e9rj\u00fck, vegye figyelembe, hogy m\u00e9g ha ezen okok valamelyike fenn\u00e1ll is, ez nem jelenti azt, hogy azonnal t\u00f6r\u00f6lj\u00fck az \u00f6sszes szem\u00e9lyes adat\u00e1t. Ez a jog ugyanis nem \u00e9rv\u00e9nyes\u00fcl abban az esetben, ha szem\u00e9lyes adatainak kezel\u00e9se tov\u00e1bbra is sz\u00fcks\u00e9ges a k\u00f6vetkez\u0151kh\u00f6z: <\/p>\n\n<ol style=\"list-style-type:lower-alpha\" class=\"wp-block-list\">\n<li>jogi k\u00f6telezetts\u00e9g\u00fcnk teljes\u00edt\u00e9se, <\/li>\n\n\n\n<li>archiv\u00e1l\u00e1si, tudom\u00e1nyos vagy t\u00f6rt\u00e9nelmi kutat\u00e1si, illetve statisztikai c\u00e9lokra, vagy<\/li>\n\n\n\n<li>jogi ig\u00e9nyeink meghat\u00e1roz\u00e1sa, \u00e9rv\u00e9nyes\u00edt\u00e9se vagy v\u00e9delme.<\/li>\n<\/ol>\n\n<p><strong>Adatkezel\u00e9s korl\u00e1toz\u00e1s\u00e1hoz val\u00f3 jog<\/strong><\/p>\n\n<p>Bizonyos esetekben a t\u00f6rl\u00e9shez val\u00f3 jog mellett \u00e9lhet a szem\u00e9lyes adatok kezel\u00e9s\u00e9nek korl\u00e1toz\u00e1s\u00e1hoz val\u00f3 joggal is. Ez a jog lehet\u0151v\u00e9 teszi, hogy bizonyos esetekben k\u00e9rje szem\u00e9lyes adatainak megjel\u00f6l\u00e9s\u00e9t, \u00e9s ezek az adatok ne legyenek tov\u00e1bbi adatkezel\u00e9si m\u0171veletek t\u00e1rgyai \u2013 ebben az esetben azonban nem \u00f6r\u00f6kre (mint a t\u00f6rl\u00e9shez val\u00f3 jog eset\u00e9n), hanem korl\u00e1tozott id\u0151re. A szem\u00e9lyes adatok kezel\u00e9s\u00e9t korl\u00e1toznunk kell, ha:  <\/p>\n\n<ol style=\"list-style-type:lower-alpha\" class=\"wp-block-list\">\n<li>vitatja a szem\u00e9lyes adatok pontoss\u00e1g\u00e1t, am\u00edg meg nem \u00e1llapodunk abban, hogy mely adatok a helyesek,<\/li>\n\n\n\n<li>Szem\u00e9lyes adatait megfelel\u0151 jogalap n\u00e9lk\u00fcl kezelj\u00fck (pl. azon t\u00fal, amit kezeln\u00fcnk kell), de \u00d6n az ilyen adatok t\u00f6rl\u00e9se helyett csak azok korl\u00e1toz\u00e1s\u00e1t r\u00e9szes\u00edti el\u0151nyben (pl. ha arra sz\u00e1m\u00edt, hogy a j\u00f6v\u0151ben \u00fagyis megadn\u00e1 nek\u00fcnk ezeket az adatokat),  <\/li>\n\n\n\n<li>Szem\u00e9lyes adataira m\u00e1r nincs sz\u00fcks\u00e9g\u00fcnk a fent eml\u00edtett adatkezel\u00e9si c\u00e9lra, de \u00d6n azokat jogi ig\u00e9nyeinek meghat\u00e1roz\u00e1s\u00e1hoz, \u00e9rv\u00e9nyes\u00edt\u00e9s\u00e9hez vagy v\u00e9delm\u00e9hez k\u00e9ri, vagy  <\/li>\n\n\n\n<li>tiltakozik a szem\u00e9lyes adatok kezel\u00e9se ellen. Am\u00edg vizsg\u00e1ljuk, hogy az \u00d6n tiltakoz\u00e1sa jogos-e, k\u00f6telesek vagyunk korl\u00e1tozni szem\u00e9lyes adatainak kezel\u00e9s\u00e9t. <\/li>\n<\/ol>\n\n<p><strong>Tiltakoz\u00e1shoz val\u00f3 jog az adatkezel\u00e9s ellen<\/strong><\/p>\n\n<p>Joga van tiltakozni az ellen a szem\u00e9lyes adatkezel\u00e9s ellen, amely jogos \u00e9rdek\u00fcnk alapj\u00e1n t\u00f6rt\u00e9nik. Szem\u00e9lyes adatait nem kezelj\u00fck tov\u00e1bb, ha nincsenek komoly jogos okaink az ilyen kezel\u00e9s folytat\u00e1s\u00e1ra. <\/p>\n\n<p><strong>Panasz beny\u00fajt\u00e1s\u00e1nak joga<\/strong><\/p>\n\n<p>A fent eml\u00edtett jogok gyakorl\u00e1sa semmilyen m\u00f3don nem \u00e9rinti az \u00d6n jog\u00e1t, hogy panaszt tegyen a Szem\u00e9lyes Adatv\u00e9delmi Hivataln\u00e1l. Ezt a jogot k\u00fcl\u00f6n\u00f6sen akkor gyakorolhatja, ha \u00fagy v\u00e9li, hogy szem\u00e9lyes adatait jogosulatlanul vagy az \u00e1ltal\u00e1nosan k\u00f6telez\u0151 jogszab\u00e1lyokkal ellent\u00e9tesen kezelj\u00fck. <\/p>\n\n<p>Az \u00e1ltalunk v\u00e9gzett szem\u00e9lyes adatkezel\u00e9s elleni panaszt a Szem\u00e9lyes Adatv\u00e9delmi Hivataln\u00e1l ny\u00fajthatja be, amelynek sz\u00e9khelye: Pplk. Sochora 27, 170 00 Pr\u00e1ga 7. <\/p>\n\n<h3 class=\"wp-block-heading\"><strong>F. Hogyan gyakorolhat\u00f3k az egyes jogok?<\/strong><\/h3>\n\n<p>A szem\u00e9lyes adatok kezel\u00e9s\u00e9vel kapcsolatos minden \u00fcgyben, legyen sz\u00f3 k\u00e9rd\u00e9sr\u0151l, joggyakorl\u00e1sr\u00f3l, panasz beny\u00fajt\u00e1s\u00e1r\u00f3l vagy b\u00e1rmi m\u00e1sr\u00f3l, az al\u00e1bbi el\u00e9rhet\u0151s\u00e9geken l\u00e9phet vel\u00fcnk kapcsolatba:  <\/p>\n\n<p><strong>E-mail<\/strong>: <a href=\"mailto:info@leite-group.eu\">info@leite-group.eu<\/a><\/p>\n\n<p><strong>Levelez\u00e9si c\u00edm<\/strong>: Leite group s.r.o., Kabe\u0161ova 943\/2, Vyso\u010dany, 190 00 Pr\u00e1ga 9<\/p>\n\n<p>Az aktu\u00e1lis el\u00e9rhet\u0151s\u00e9gek megtal\u00e1lhat\u00f3k weboldalunkon.<\/p>\n\n<p>K\u00e9relm\u00e9t indokolatlan k\u00e9sedelem n\u00e9lk\u00fcl, de legfeljebb egy h\u00f3napon bel\u00fcl feldolgozzuk. Kiv\u00e9teles esetekben, k\u00fcl\u00f6n\u00f6sen az \u00d6n k\u00e9r\u00e9s\u00e9nek \u00f6sszetetts\u00e9ge miatt, jogosultak vagyunk ezt a hat\u00e1rid\u0151t tov\u00e1bbi k\u00e9t h\u00f3nappal meghosszabb\u00edtani. Az ilyen esetleges meghosszabb\u00edt\u00e1sr\u00f3l \u00e9s annak indokl\u00e1s\u00e1r\u00f3l term\u00e9szetesen t\u00e1j\u00e9koztatni fogjuk \u00d6nt.    <\/p>\n","protected":false},"excerpt":{"rendered":"<p>T\u00e1j\u00e9koztat\u00f3 a szem\u00e9lyes adatok kezel\u00e9s\u00e9r\u0151l Leite group s.r.o., C\u00e9gjegyz\u00e9ksz\u00e1m: 041 64 920, sz\u00e9khelye: Kabe\u0161ova 943\/2, Vyso\u010dany, 190 00 Pr\u00e1ga 9, a Pr\u00e1gai V\u00e1rosi B\u00edr\u00f3s\u00e1g \u00e1ltal vezetett c\u00e9gjegyz\u00e9kbe C 243533 \u00fcgysz\u00e1m alatt bejegyezve (a tov\u00e1bbiakban: \u201emi\u201d) a szem\u00e9lyes adatok v\u00e9delm\u00e9t k\u00f6telezetts\u00e9geink szerves r\u00e9sz\u00e9nek tekintj\u00fck, nemcsak \u00fcgyfeleink \u00e9s alkalmazottaink, hanem \u00d6n\u00f6k, besz\u00e1ll\u00edt\u00f3ink \u00e9s vev\u0151ink, alv\u00e1llalkoz\u00f3ik, a vezet\u0151 [&hellip;]<\/p>\n","protected":false},"author":1,"featured_media":2573,"parent":0,"menu_order":0,"comment_status":"closed","ping_status":"closed","template":"","meta":{"_acf_changed":false,"footnotes":""},"class_list":["post-2572","page","type-page","status-publish","has-post-thumbnail","hentry"],"acf":[],"_links":{"self":[{"href":"https:\/\/leite.cz\/hu\/wp-json\/wp\/v2\/pages\/2572","targetHints":{"allow":["GET"]}}],"collection":[{"href":"https:\/\/leite.cz\/hu\/wp-json\/wp\/v2\/pages"}],"about":[{"href":"https:\/\/leite.cz\/hu\/wp-json\/wp\/v2\/types\/page"}],"author":[{"embeddable":true,"href":"https:\/\/leite.cz\/hu\/wp-json\/wp\/v2\/users\/1"}],"replies":[{"embeddable":true,"href":"https:\/\/leite.cz\/hu\/wp-json\/wp\/v2\/comments?post=2572"}],"version-history":[{"count":1,"href":"https:\/\/leite.cz\/hu\/wp-json\/wp\/v2\/pages\/2572\/revisions"}],"predecessor-version":[{"id":2574,"href":"https:\/\/leite.cz\/hu\/wp-json\/wp\/v2\/pages\/2572\/revisions\/2574"}],"wp:featuredmedia":[{"embeddable":true,"href":"https:\/\/leite.cz\/hu\/wp-json\/wp\/v2\/media\/2573"}],"wp:attachment":[{"href":"https:\/\/leite.cz\/hu\/wp-json\/wp\/v2\/media?parent=2572"}],"curies":[{"name":"wp","href":"https:\/\/api.w.org\/{rel}","templated":true}]}}