{"id":2575,"date":"2025-09-12T17:21:40","date_gmt":"2025-09-12T15:21:40","guid":{"rendered":"https:\/\/leite.cz\/politique-de-confidentialite\/"},"modified":"2025-10-21T23:11:05","modified_gmt":"2025-10-21T21:11:05","slug":"politique-de-confidentialite","status":"publish","type":"page","link":"https:\/\/leite.cz\/fr\/politique-de-confidentialite\/","title":{"rendered":"Politique de confidentialit\u00e9"},"content":{"rendered":"\n<h2 class=\"wp-block-heading\">M\u00e9morandum d&rsquo;information sur le traitement des donn\u00e9es personnelles<\/h2>\n\n<p><\/p>\n\n<p><strong>Leite group s.r.o.<\/strong>,<strong> <\/strong>I\u010cO : 041 64 920, ayant son si\u00e8ge social Kabe\u0161ova 943\/2, Vyso\u010dany, 190 00 Prague 9, inscrite au registre du commerce tenu par le Tribunal municipal de Prague, sous le n\u00b0 C 243533 (ci-apr\u00e8s d\u00e9nomm\u00e9e \u00ab nous \u00bb) consid\u00e9rons la protection des donn\u00e9es personnelles comme partie int\u00e9grante de nos obligations non seulement envers nos clients et employ\u00e9s, mais aussi envers vous, nos fournisseurs et clients, leurs sous-traitants, membres des organes statutaires et personnes de contact et autres employ\u00e9s, membres des \u00e9quipes de r\u00e9alisation et leurs sous-traitants (ci-apr\u00e8s d\u00e9nomm\u00e9s \u00ab <g id=\"gid_0\">partenaires commerciaux<\/g> \u00bb ou \u00ab <g id=\"gid_1\">vous<\/g> \u00bb). Nous accordons donc une attention appropri\u00e9e \u00e0 la protection des donn\u00e9es personnelles et agissons en conformit\u00e9 avec les dispositions l\u00e9gales lors de la mise en place de la protection des donn\u00e9es personnelles.    <\/p>\n\n<p>Dans ce document, vous trouverez des informations sur les donn\u00e9es personnelles que nous traitons dans le cadre de la relation entre nous et vous. Vous y trouverez des informations sur le fait que nous traitons les donn\u00e9es personnelles sur la base de votre consentement ou sur la base d&rsquo;un autre fondement juridique (motif), aux fins pour lesquelles nous traitons les donn\u00e9es, si nous les transmettons \u00e0 quelqu&rsquo;un et quels droits vous avez en relation avec le traitement de vos donn\u00e9es personnelles. Veuillez donc consid\u00e9rer ce document comme une source importante d&rsquo;informations sur la fa\u00e7on dont nous traitons vos donn\u00e9es personnelles.  <\/p>\n\n<h3 class=\"wp-block-heading\"><strong>A.<\/strong> <strong>Quelles donn\u00e9es personnelles traitons-nous ?<\/strong><\/h3>\n\n<p>Nous traitons les donn\u00e9es personnelles suivantes :<\/p>\n\n<ol style=\"list-style-type:lower-alpha\" class=\"wp-block-list\">\n<li><strong>Donn\u00e9es d&rsquo;identification<\/strong>, qui comprennent notamment le nom, le pr\u00e9nom, la date de naissance, le poste de travail et dans le cas o\u00f9 vous \u00eates notre client en tant que personne physique exer\u00e7ant une activit\u00e9 commerciale, \u00e9galement votre I\u010cO et DI\u010c<\/li>\n\n\n\n<li><strong>Donn\u00e9es de contact<\/strong>, qui comprennent les donn\u00e9es personnelles qui nous permettent de vous contacter, notamment l&rsquo;adresse de contact, le num\u00e9ro de t\u00e9l\u00e9phone, l&rsquo;adresse e-mail, etc.,<\/li>\n\n\n\n<li><strong>Enregistrements de communication mutuelle<\/strong>, qui comprennent notamment la correspondance \u00e9crite ou les enregistrements d&rsquo;autres formes de communication ;<\/li>\n\n\n\n<li><strong>Informations n\u00e9cessaires \u00e0 l&rsquo;ex\u00e9cution du contrat<\/strong>, qui comprennent notamment les donn\u00e9es sur les services utilis\u00e9s et l&rsquo;\u00e9tendue de leur utilisation, les identifiants de connexion et dans le cas o\u00f9 vous \u00eates notre client en tant que personne physique exer\u00e7ant une activit\u00e9 commerciale, \u00e9galement le num\u00e9ro de votre compte bancaire.<\/li>\n<\/ol>\n\n<h3 class=\"wp-block-heading\"><strong>B. Pourquoi traitons-nous les donn\u00e9es personnelles et qu&rsquo;est-ce qui nous y autorise ?<\/strong><\/h3>\n\n<p>Nous traitons les donn\u00e9es personnelles aux fins suivantes :<\/p>\n\n<ol style=\"list-style-type:lower-alpha\" class=\"wp-block-list\">\n<li>conclusion et ex\u00e9cution de contrats avec des partenaires commerciaux, sur la base de l&rsquo;ex\u00e9cution du contrat, si le partenaire commercial est une personne physique, ou sur la base de notre int\u00e9r\u00eat l\u00e9gitime \u00e0 l&rsquo;ex\u00e9cution d&rsquo;un tel contrat, s&rsquo;il s&rsquo;agit d&rsquo;une personne physique qui repr\u00e9sente le partenaire commercial ou participe autrement \u00e0 l&rsquo;ex\u00e9cution du contrat (par exemple, les employ\u00e9s de nos partenaires commerciaux et clients qui sont utilisateurs de nos services) ;<\/li>\n\n\n\n<li>besoins administratifs internes, cr\u00e9ation d&rsquo;enregistrements sur les services fournis, sur la base de notre int\u00e9r\u00eat l\u00e9gitime \u00e0 assurer un enregistrement appropri\u00e9 des contrats conclus avec les partenaires commerciaux et de l&rsquo;int\u00e9r\u00eat l\u00e9gitime \u00e0 g\u00e9rer les relations avec les partenaires commerciaux et \u00e0 optimiser les processus ;<\/li>\n\n\n\n<li>s\u00e9curisation et maintenance de l&rsquo;infrastructure informatique, protection de nos \u00e9quipements et autres biens, sur la base de notre int\u00e9r\u00eat l\u00e9gitime \u00e0 adopter notamment des mesures techniques pour assurer la cybers\u00e9curit\u00e9 et la protection de nos biens ; <\/li>\n\n\n\n<li>protection des droits l\u00e9gaux, sur la base de notre int\u00e9r\u00eat l\u00e9gitime \u00e0 assurer une protection appropri\u00e9e et une application efficace de nos droits et cr\u00e9ances ;<\/li>\n\n\n\n<li>respect des obligations l\u00e9gales et autres, notamment dans le domaine fiscal et comptable, sur la base de l&rsquo;obligation l\u00e9gale qui s&rsquo;applique \u00e0 nous en tant que responsable du traitement.<\/li>\n<\/ol>\n\n<h3 class=\"wp-block-heading\">C. De quelles sources obtenons-nous les donn\u00e9es personnelles et combien de temps les traitons-nous ?<\/h3>\n\n<p>Nous obtenons les donn\u00e9es personnelles directement de vous en les remplissant lors de la demande de nos services et dans la documentation contractuelle. Nous obtenons \u00e9galement et traitons en outre les donn\u00e9es personnelles que votre employeur nous a fournies \u00e0 votre sujet, dans le but d&rsquo;utiliser nos services. <\/p>\n\n<p>Nous conservons les donn\u00e9es personnelles dans la mesure n\u00e9cessaire pendant :<\/p>\n\n<ol style=\"list-style-type:lower-alpha\" class=\"wp-block-list\">\n<li>la dur\u00e9e du contrat dans le cas de l&rsquo;objectif selon la lettre a) ci-dessus ; <\/li>\n\n\n\n<li>pendant la dur\u00e9e de la p\u00e9riode de prescription, y compris la p\u00e9riode couvrant son \u00e9ventuelle suspension ou interruption, typiquement mais pas plus de 16 ans apr\u00e8s la fin de l&rsquo;efficacit\u00e9 du contrat dans le cas des objectifs sous les lettres b) \u00e0 d) ci-dessus ;<\/li>\n\n\n\n<li>l&rsquo;accomplissement des obligations l\u00e9gales pertinentes dans le cas des objectifs sous la lettre e) ci-dessus.<\/li>\n<\/ol>\n\n<h3 class=\"wp-block-heading\"><strong>D. Qui traite vos donn\u00e9es personnelles et \u00e0 qui les transmettons-nous ?<\/strong><\/h3>\n\n<p>Toutes les donn\u00e9es personnelles mentionn\u00e9es sont trait\u00e9es par nous en tant que <strong>responsable du traitement<\/strong>. Cela signifie que nous d\u00e9terminons les fins d\u00e9finies ci-dessus pour lesquelles nous collectons vos donn\u00e9es personnelles, d\u00e9terminons les moyens de traitement et sommes responsables de sa bonne ex\u00e9cution. <\/p>\n\n<p>Pour le traitement des donn\u00e9es personnelles, nous utilisons \u00e9galement les services d&rsquo;autres sous-traitants qui traitent les donn\u00e9es personnelles sur notre instruction. Ces <strong>sous-traitants<\/strong> sont notamment :  <\/p>\n\n<ol style=\"list-style-type:lower-alpha\" class=\"wp-block-list\">\n<li>Fournisseurs de services informatiques connexes fournissant un support mat\u00e9riel et logiciel.<\/li>\n<\/ol>\n\n<p>Tous les sous-traitants sont tenus par un contrat de sous-traitance de respecter les exigences des dispositions l\u00e9gales sur la protection des donn\u00e9es personnelles, notamment de prot\u00e9ger vos donn\u00e9es personnelles.<\/p>\n\n<p>De plus, nous sommes tenus de transmettre les donn\u00e9es personnelles trait\u00e9es aux organes de l&rsquo;administration publique, aux tribunaux, aux organes actifs dans la proc\u00e9dure p\u00e9nale, aux organes de surveillance dans le cas o\u00f9 ils nous le demandent, ou aux soci\u00e9t\u00e9s d&rsquo;audit, si cela est requis par les dispositions l\u00e9gales.<\/p>\n\n<h3 class=\"wp-block-heading\"><strong>E. Quels droits avez-vous lors du traitement des donn\u00e9es personnelles ?<\/strong><\/h3>\n\n<p>Tout comme nous avons nos droits et obligations lors du traitement de vos donn\u00e9es personnelles, vous avez \u00e9galement certains droits lors du traitement de vos donn\u00e9es personnelles.<\/p>\n\n<p><strong>Droit d&rsquo;acc\u00e8s<\/strong><\/p>\n\n<p>En termes simples, vous avez le droit de savoir quelles donn\u00e9es nous traitons \u00e0 votre sujet, dans quel but, pendant combien de temps, o\u00f9 nous obtenons vos donn\u00e9es personnelles, \u00e0 qui nous les transmettons, qui les traite en dehors de nous et quels autres droits vous avez li\u00e9s au traitement de vos donn\u00e9es personnelles. Tout cela, vous l&rsquo;avez appris dans ces Informations sur le traitement des donn\u00e9es personnelles. Cependant, si vous n&rsquo;\u00eates pas s\u00fbr des donn\u00e9es personnelles que nous traitons \u00e0 votre sujet, vous pouvez nous demander confirmation que les donn\u00e9es personnelles vous concernant sont ou ne sont pas trait\u00e9es par nous, et si c&rsquo;est le cas, vous avez le droit d&rsquo;obtenir l&rsquo;acc\u00e8s \u00e0 ces donn\u00e9es personnelles. Dans le cadre du droit d&rsquo;acc\u00e8s, vous pouvez nous demander une copie des donn\u00e9es personnelles trait\u00e9es, la premi\u00e8re copie vous \u00e9tant fournie gratuitement et les copies suppl\u00e9mentaires moyennant des frais.   <\/p>\n\n<p><strong>Droit de rectification<\/strong><\/p>\n\n<p>Si vous constatez que les donn\u00e9es personnelles que nous traitons \u00e0 votre sujet sont inexactes ou incompl\u00e8tes, vous avez le droit que nous les corrigions ou les compl\u00e9tions sans d\u00e9lai injustifi\u00e9.<\/p>\n\n<p><strong>Droit \u00e0 l&rsquo;effacement<\/strong><\/p>\n\n<p>Dans certains cas, vous avez le droit que nous effacions vos donn\u00e9es personnelles. Nous effacerons vos donn\u00e9es personnelles sans d\u00e9lai injustifi\u00e9 si l&rsquo;une des raisons suivantes est remplie :  <\/p>\n\n<ol style=\"list-style-type:lower-alpha\" class=\"wp-block-list\">\n<li>Nous n&rsquo;avons plus besoin de vos donn\u00e9es personnelles pour les fins pour lesquelles nous les avons trait\u00e9es, <\/li>\n\n\n\n<li>vous exercez votre droit de vous opposer au traitement des donn\u00e9es personnelles que nous traitons sur la base de nos int\u00e9r\u00eats l\u00e9gitimes, et nous constatons que nous n&rsquo;avons plus de tels int\u00e9r\u00eats l\u00e9gitimes qui justifieraient ce traitement, ou <\/li>\n\n\n\n<li>il s&rsquo;av\u00e8re que le traitement des donn\u00e9es personnelles que nous effectuons a cess\u00e9 d&rsquo;\u00eatre conforme aux dispositions g\u00e9n\u00e9ralement contraignantes. <\/li>\n<\/ol>\n\n<p>Mais veuillez garder \u00e0 l&rsquo;esprit que m\u00eame s&rsquo;il s&rsquo;agit de l&rsquo;une de ces raisons, cela ne signifie pas que nous supprimerons imm\u00e9diatement toutes vos donn\u00e9es personnelles. Ce droit ne s&rsquo;applique pas dans le cas o\u00f9 le traitement de vos donn\u00e9es personnelles est encore n\u00e9cessaire pour : <\/p>\n\n<ol style=\"list-style-type:lower-alpha\" class=\"wp-block-list\">\n<li>l&rsquo;accomplissement de notre obligation l\u00e9gale, <\/li>\n\n\n\n<li>des fins d&rsquo;archivage, de recherche scientifique ou historique ou \u00e0 des fins statistiques, ou<\/li>\n\n\n\n<li>la d\u00e9termination, l&rsquo;exercice ou la d\u00e9fense de nos droits l\u00e9gaux.<\/li>\n<\/ol>\n\n<p><strong>Droit \u00e0 la limitation du traitement<\/strong><\/p>\n\n<p>Dans certains cas, vous pouvez, en plus du droit \u00e0 l&rsquo;effacement, exercer le droit \u00e0 la limitation du traitement des donn\u00e9es personnelles. Ce droit vous permet dans certains cas d&rsquo;exiger que vos donn\u00e9es personnelles soient marqu\u00e9es et que ces donn\u00e9es ne fassent l&rsquo;objet d&rsquo;aucune autre op\u00e9ration de traitement \u2013 dans ce cas cependant pas pour toujours (comme dans le cas du droit \u00e0 l&rsquo;effacement), mais pour une dur\u00e9e limit\u00e9e. Nous devons limiter le traitement des donn\u00e9es personnelles lorsque :  <\/p>\n\n<ol style=\"list-style-type:lower-alpha\" class=\"wp-block-list\">\n<li>vous contestez l&rsquo;exactitude des donn\u00e9es personnelles, jusqu&rsquo;\u00e0 ce que nous nous mettions d&rsquo;accord sur les donn\u00e9es qui sont correctes,<\/li>\n\n\n\n<li>nous traitons vos donn\u00e9es personnelles sans base juridique suffisante (par exemple, au-del\u00e0 de ce que nous devons traiter), mais vous pr\u00e9f\u00e9reriez seulement leur limitation avant l&rsquo;effacement de telles donn\u00e9es (par exemple, si vous vous attendez \u00e0 ce que vous nous fournissiez de telles donn\u00e9es \u00e0 l&rsquo;avenir de toute fa\u00e7on), <\/li>\n\n\n\n<li>nous n&rsquo;avons plus besoin de vos donn\u00e9es personnelles pour l&rsquo;objectif de traitement mentionn\u00e9 ci-dessus, mais vous en avez besoin pour la d\u00e9termination, l&rsquo;exercice ou la d\u00e9fense de vos droits l\u00e9gaux, ou <\/li>\n\n\n\n<li>vous vous opposez au traitement des donn\u00e9es personnelles. Pendant la p\u00e9riode durant laquelle nous examinons si votre opposition est justifi\u00e9e, nous sommes tenus de limiter le traitement de vos donn\u00e9es personnelles. <\/li>\n<\/ol>\n\n<p><strong>Droit de s&rsquo;opposer au traitement<\/strong><\/p>\n\n<p>Vous avez le droit de vous opposer au traitement des donn\u00e9es personnelles qui a lieu sur la base de notre int\u00e9r\u00eat l\u00e9gitime. Nous cesserons de traiter vos donn\u00e9es personnelles si nous n&rsquo;avons pas de raisons l\u00e9gitimes importantes pour continuer un tel traitement. <\/p>\n\n<p><strong>Droit de d\u00e9poser une plainte<\/strong><\/p>\n\n<p>L&rsquo;exercice des droits de la mani\u00e8re mentionn\u00e9e ci-dessus n&rsquo;affecte en aucune fa\u00e7on votre droit de d\u00e9poser une plainte aupr\u00e8s de l&rsquo;Office de protection des donn\u00e9es personnelles. Vous pouvez exercer ce droit notamment dans le cas o\u00f9 vous pensez que nous traitons vos donn\u00e9es personnelles de mani\u00e8re non autoris\u00e9e ou en violation des dispositions l\u00e9gales g\u00e9n\u00e9ralement contraignantes. <\/p>\n\n<p>Vous pouvez d\u00e9poser une plainte contre le traitement des donn\u00e9es personnelles que nous effectuons aupr\u00e8s de l&rsquo;Office de protection des donn\u00e9es personnelles, qui a son si\u00e8ge \u00e0 l&rsquo;adresse Pplk. Sochora 27, 170 00 Prague 7. <\/p>\n\n<h3 class=\"wp-block-heading\"><strong>F. Comment peut-on exercer les diff\u00e9rents droits ?<\/strong><\/h3>\n\n<p>Pour toutes les questions li\u00e9es au traitement des donn\u00e9es personnelles, qu&rsquo;il s&rsquo;agisse d&rsquo;une question, de l&rsquo;exercice d&rsquo;un droit, du d\u00e9p\u00f4t d&rsquo;une plainte ou de toute autre chose, vous pouvez nous contacter en utilisant les contacts suivants : <\/p>\n\n<p><strong>E-mail<\/strong> : <a href=\"mailto:info@leite-group.eu\">info@leite-group.eu<\/a><\/p>\n\n<p><strong>Adresse de correspondance<\/strong> : Leite group s.r.o., Kabe\u0161ova 943\/2, Vyso\u010dany, 190 00 Prague 9<\/p>\n\n<p>Les informations de contact actuelles sont disponibles sur notre site web.<\/p>\n\n<p>Nous traiterons votre demande sans d\u00e9lai injustifi\u00e9, au maximum dans un d\u00e9lai d&rsquo;un mois. Dans des cas exceptionnels, notamment en raison de la complexit\u00e9 de votre demande, nous sommes autoris\u00e9s \u00e0 prolonger ce d\u00e9lai de deux mois suppl\u00e9mentaires. Nous vous informerons bien entendu d&rsquo;une telle prolongation \u00e9ventuelle et de sa justification.   <\/p>\n","protected":false},"excerpt":{"rendered":"<p>M\u00e9morandum d&rsquo;information sur le traitement des donn\u00e9es personnelles Leite group s.r.o., I\u010cO : 041 64 920, ayant son si\u00e8ge social Kabe\u0161ova 943\/2, Vyso\u010dany, 190 00 Prague 9, inscrite au registre du commerce tenu par le Tribunal municipal de Prague, sous le n\u00b0 C 243533 (ci-apr\u00e8s d\u00e9nomm\u00e9e \u00ab nous \u00bb) consid\u00e9rons la protection des donn\u00e9es personnelles [&hellip;]<\/p>\n","protected":false},"author":1,"featured_media":2576,"parent":0,"menu_order":0,"comment_status":"closed","ping_status":"closed","template":"","meta":{"_acf_changed":false,"footnotes":""},"class_list":["post-2575","page","type-page","status-publish","has-post-thumbnail","hentry"],"acf":[],"_links":{"self":[{"href":"https:\/\/leite.cz\/fr\/wp-json\/wp\/v2\/pages\/2575","targetHints":{"allow":["GET"]}}],"collection":[{"href":"https:\/\/leite.cz\/fr\/wp-json\/wp\/v2\/pages"}],"about":[{"href":"https:\/\/leite.cz\/fr\/wp-json\/wp\/v2\/types\/page"}],"author":[{"embeddable":true,"href":"https:\/\/leite.cz\/fr\/wp-json\/wp\/v2\/users\/1"}],"replies":[{"embeddable":true,"href":"https:\/\/leite.cz\/fr\/wp-json\/wp\/v2\/comments?post=2575"}],"version-history":[{"count":1,"href":"https:\/\/leite.cz\/fr\/wp-json\/wp\/v2\/pages\/2575\/revisions"}],"predecessor-version":[{"id":2577,"href":"https:\/\/leite.cz\/fr\/wp-json\/wp\/v2\/pages\/2575\/revisions\/2577"}],"wp:featuredmedia":[{"embeddable":true,"href":"https:\/\/leite.cz\/fr\/wp-json\/wp\/v2\/media\/2576"}],"wp:attachment":[{"href":"https:\/\/leite.cz\/fr\/wp-json\/wp\/v2\/media?parent=2575"}],"curies":[{"name":"wp","href":"https:\/\/api.w.org\/{rel}","templated":true}]}}