{"id":2566,"date":"2025-09-12T17:21:40","date_gmt":"2025-09-12T15:21:40","guid":{"rendered":"https:\/\/leite.cz\/politica-de-privacidad\/"},"modified":"2025-10-21T23:09:55","modified_gmt":"2025-10-21T21:09:55","slug":"politica-de-privacidad","status":"publish","type":"page","link":"https:\/\/leite.cz\/es\/politica-de-privacidad\/","title":{"rendered":"Pol\u00edtica de privacidad"},"content":{"rendered":"\n<h2 class=\"wp-block-heading\">Memor\u00e1ndum informativo sobre el tratamiento de datos personales<\/h2>\n\n<p><\/p>\n\n<p><strong>Leite group s.r.o.<\/strong>,<strong> <\/strong>NIF: 041 64 920, con domicilio social en Kabe\u0161ova 943\/2, Vyso\u010dany, 190 00 Praga 9, inscrita en el Registro Mercantil del Tribunal Municipal de Praga, con el n\u00famero de referencia C 243533 (en adelante, \u00abnosotros\u00bb), consideramos la protecci\u00f3n de datos personales como parte integrante de nuestras obligaciones no solo con los clientes y empleados, sino tambi\u00e9n con Usted, nuestros proveedores y clientes, sus subcontratistas, miembros de los \u00f3rganos estatutarios y personas de contacto, as\u00ed como otros empleados, miembros de los equipos de implementaci\u00f3n y sus subcontratistas (en adelante, \u00ab<strong>socios comerciales<\/strong>\u00bb o \u00ab<strong>Usted<\/strong>\u00bb). Por lo tanto, prestamos la debida atenci\u00f3n a la protecci\u00f3n de datos personales y, al garantizar la protecci\u00f3n de datos personales, actuamos de conformidad con la legislaci\u00f3n vigente.    <\/p>\n\n<p>En este documento encontrar\u00e1 informaci\u00f3n sobre qu\u00e9 datos personales tratamos en el marco de la relaci\u00f3n entre nosotros y Usted. Encontrar\u00e1 informaci\u00f3n sobre si tratamos datos personales sobre la base de su consentimiento o sobre la base de otro fundamento jur\u00eddico (motivo), con qu\u00e9 fines tratamos los datos, si los transmitimos a alguien y qu\u00e9 derechos tiene en relaci\u00f3n con el tratamiento de sus datos personales. Por lo tanto, considere este documento como una fuente importante de informaci\u00f3n sobre c\u00f3mo tratamos sus datos personales.  <\/p>\n\n<h3 class=\"wp-block-heading\"><strong>A.<\/strong> <strong>\u00bfQu\u00e9 datos personales tratamos?<\/strong><\/h3>\n\n<p>Tratamos los siguientes datos personales:<\/p>\n\n<ol style=\"list-style-type:lower-alpha\" class=\"wp-block-list\">\n<li><strong>Datos de identificaci\u00f3n<\/strong>, que incluyen en particular el nombre, los apellidos, la fecha de nacimiento, el puesto de trabajo y, en el caso de que sea nuestro cliente como persona f\u00edsica que realiza negocios, tambi\u00e9n su NIF y CIF<\/li>\n\n\n\n<li><strong>Datos de contacto<\/strong>, que incluyen datos personales que nos permiten ponernos en contacto con Usted, en particular la direcci\u00f3n de contacto, el n\u00famero de tel\u00e9fono, la direcci\u00f3n de correo electr\u00f3nico, etc.<\/li>\n\n\n\n<li><strong>Registros de comunicaci\u00f3n mutua<\/strong>, que incluyen en particular la correspondencia escrita o los registros de otra forma de comunicaci\u00f3n;<\/li>\n\n\n\n<li><strong>Informaci\u00f3n necesaria para la ejecuci\u00f3n del contrato<\/strong>, que incluye en particular datos sobre los servicios utilizados y el alcance de su uso, los identificadores de inicio de sesi\u00f3n y, en el caso de que sea nuestro cliente como persona f\u00edsica que realiza negocios, tambi\u00e9n el n\u00famero de su cuenta bancaria.<\/li>\n<\/ol>\n\n<h3 class=\"wp-block-heading\"><strong>B. \u00bfPor qu\u00e9 tratamos datos personales y qu\u00e9 nos autoriza a ello?<\/strong><\/h3>\n\n<p>Tratamos datos personales para los siguientes fines:<\/p>\n\n<ol style=\"list-style-type:lower-alpha\" class=\"wp-block-list\">\n<li>celebraci\u00f3n y ejecuci\u00f3n de contratos con socios comerciales, sobre la base de la ejecuci\u00f3n del contrato, si el socio comercial es una persona f\u00edsica, o sobre la base de nuestro inter\u00e9s leg\u00edtimo en la ejecuci\u00f3n de dicho contrato, si se trata de una persona f\u00edsica que representa al socio comercial o participa de otro modo en la ejecuci\u00f3n del contrato (por ejemplo, empleados de nuestros socios comerciales y clientes que son usuarios de nuestros servicios);<\/li>\n\n\n\n<li>necesidades administrativas internas, creaci\u00f3n de registros de los servicios prestados, sobre la base de nuestro inter\u00e9s leg\u00edtimo en garantizar un registro adecuado de los contratos celebrados con socios comerciales y el inter\u00e9s leg\u00edtimo en la gesti\u00f3n de las relaciones con los socios comerciales y la optimizaci\u00f3n de los procesos;<\/li>\n\n\n\n<li>seguridad y mantenimiento de la infraestructura de TI, protecci\u00f3n de nuestros dispositivos y otros activos, sobre la base de nuestro inter\u00e9s leg\u00edtimo en la adopci\u00f3n de medidas t\u00e9cnicas, en particular, para garantizar la seguridad cibern\u00e9tica y la protecci\u00f3n de nuestros activos; <\/li>\n\n\n\n<li>protecci\u00f3n de reclamaciones legales, sobre la base de nuestro inter\u00e9s leg\u00edtimo en garantizar la protecci\u00f3n adecuada y la aplicaci\u00f3n efectiva de nuestros derechos y reclamaciones;<\/li>\n\n\n\n<li>cumplimiento de las obligaciones legales y de otro tipo, en particular en el \u00e1mbito fiscal y contable, sobre la base de una obligaci\u00f3n legal que se aplica a nosotros como responsables del tratamiento.<\/li>\n<\/ol>\n\n<h3 class=\"wp-block-heading\">C. \u00bfDe qu\u00e9 fuentes obtenemos los datos personales y durante cu\u00e1nto tiempo los tratamos?<\/h3>\n\n<p>Obtenemos datos personales directamente de Usted al rellenarlos al solicitar nuestros servicios y en la documentaci\u00f3n contractual. Tambi\u00e9n obtenemos y tratamos datos personales que su empleador nos ha facilitado sobre Usted con el fin de utilizar nuestros servicios. <\/p>\n\n<p>Conservamos los datos personales en la medida necesaria durante el per\u00edodo de:<\/p>\n\n<ol style=\"list-style-type:lower-alpha\" class=\"wp-block-list\">\n<li>duraci\u00f3n del contrato en el caso de la finalidad seg\u00fan la letra a) anterior; <\/li>\n\n\n\n<li>durante el per\u00edodo de prescripci\u00f3n, incluido el per\u00edodo que cubre su posible suspensi\u00f3n o interrupci\u00f3n, pero normalmente no m\u00e1s de 16 a\u00f1os despu\u00e9s de la finalizaci\u00f3n de la vigencia del contrato en el caso de las finalidades seg\u00fan las letras b) a d) anteriores;<\/li>\n\n\n\n<li>cumplimiento de las obligaciones legales pertinentes en el caso de las finalidades seg\u00fan las letras e) anteriores.<\/li>\n<\/ol>\n\n<h3 class=\"wp-block-heading\"><strong>D. \u00bfQui\u00e9n trata sus datos personales y a qui\u00e9n los transmitimos?<\/strong><\/h3>\n\n<p>Todos los datos personales mencionados los tratamos nosotros como <strong>responsables del tratamiento<\/strong>. Esto significa que nosotros determinamos los fines definidos anteriormente para los que recopilamos sus datos personales, determinamos los medios de tratamiento y somos responsables de su correcta ejecuci\u00f3n. <\/p>\n\n<p>Para el tratamiento de datos personales, tambi\u00e9n utilizamos los servicios de otros encargados del tratamiento, que tratan los datos personales siguiendo nuestras instrucciones. Dichos <strong>encargados del tratamiento<\/strong> son en particular:  <\/p>\n\n<ol style=\"list-style-type:lower-alpha\" class=\"wp-block-list\">\n<li>Proveedores de servicios de TI relacionados que prestan soporte de hardware y software.<\/li>\n<\/ol>\n\n<p>Todos los encargados del tratamiento est\u00e1n obligados por un contrato de tratamiento a cumplir los requisitos de la legislaci\u00f3n sobre protecci\u00f3n de datos personales, en particular a proteger sus datos personales.<\/p>\n\n<p>Adem\u00e1s, estamos obligados a transmitir los datos personales tratados a las autoridades de la administraci\u00f3n p\u00fablica, los tribunales, los \u00f3rganos encargados de la investigaci\u00f3n penal, los \u00f3rganos de supervisi\u00f3n en caso de que nos lo soliciten, o las empresas de auditor\u00eda si as\u00ed lo exige la legislaci\u00f3n vigente.<\/p>\n\n<h3 class=\"wp-block-heading\"><strong>E. \u00bfQu\u00e9 derechos tiene en el tratamiento de datos personales?<\/strong><\/h3>\n\n<p>Al igual que nosotros tenemos nuestros derechos y obligaciones en el tratamiento de sus datos personales, Usted tambi\u00e9n tiene ciertos derechos en el tratamiento de sus datos personales.<\/p>\n\n<p><strong>Derecho de acceso<\/strong><\/p>\n\n<p>En pocas palabras, tiene derecho a saber qu\u00e9 datos tratamos sobre Usted, con qu\u00e9 finalidad, durante cu\u00e1nto tiempo, d\u00f3nde obtenemos sus datos personales, a qui\u00e9n los transmitimos, qui\u00e9n los trata adem\u00e1s de nosotros y qu\u00e9 otros derechos tiene en relaci\u00f3n con el tratamiento de sus datos personales. Todo esto lo ha aprendido en esta Informaci\u00f3n sobre el tratamiento de datos personales. Sin embargo, si no est\u00e1 seguro de qu\u00e9 datos personales tratamos sobre Usted, puede solicitarnos que le confirmemos si los datos personales que le conciernen est\u00e1n siendo o no tratados por nosotros y, en caso afirmativo, tiene derecho a acceder a dichos datos personales. En el marco del derecho de acceso, puede solicitarnos una copia de los datos personales tratados, siendo la primera copia gratuita y las siguientes copias con cargo.   <\/p>\n\n<p><strong>Derecho de rectificaci\u00f3n<\/strong><\/p>\n\n<p>Si descubre que los datos personales que tratamos sobre Usted son inexactos o incompletos, tiene derecho a que los rectifiquemos o completemos sin dilaci\u00f3n indebida.<\/p>\n\n<p><strong>Derecho de supresi\u00f3n<\/strong><\/p>\n\n<p>En algunos casos, tiene derecho a que suprimamos sus datos personales. Suprimiremos sus datos personales sin dilaci\u00f3n indebida si se cumple alguno de los siguientes motivos:  <\/p>\n\n<ol style=\"list-style-type:lower-alpha\" class=\"wp-block-list\">\n<li>Ya no necesitamos sus datos personales para los fines para los que los tratamos, <\/li>\n\n\n\n<li>ejerce su derecho a oponerse al tratamiento de datos personales que tratamos sobre la base de nuestros intereses leg\u00edtimos, y consideramos que ya no tenemos tales intereses leg\u00edtimos que justifiquen dicho tratamiento, o <\/li>\n\n\n\n<li>resulta que el tratamiento de datos personales que realizamos ha dejado de ser conforme con las normas generalmente vinculantes. <\/li>\n<\/ol>\n\n<p>Pero tenga en cuenta que, aunque se trate de uno de estos motivos, no significa que borraremos inmediatamente todos sus datos personales. Este derecho no se aplica en caso de que el tratamiento de sus datos personales siga siendo necesario para: <\/p>\n\n<ol style=\"list-style-type:lower-alpha\" class=\"wp-block-list\">\n<li>el cumplimiento de nuestra obligaci\u00f3n legal, <\/li>\n\n\n\n<li>fines de archivo, investigaci\u00f3n cient\u00edfica o hist\u00f3rica o fines estad\u00edsticos, o<\/li>\n\n\n\n<li>la determinaci\u00f3n, el ejercicio o la defensa de nuestras reclamaciones legales.<\/li>\n<\/ol>\n\n<p><strong>Derecho a la limitaci\u00f3n del tratamiento<\/strong><\/p>\n\n<p>En algunos casos, adem\u00e1s del derecho de supresi\u00f3n, puede ejercer el derecho a la limitaci\u00f3n del tratamiento de datos personales. Este derecho le permite, en determinados casos, solicitar que se marquen sus datos personales y que estos datos no sean objeto de ninguna otra operaci\u00f3n de tratamiento, en este caso, sin embargo, no para siempre (como en el caso del derecho de supresi\u00f3n), sino por un per\u00edodo limitado. Debemos limitar el tratamiento de datos personales cuando:  <\/p>\n\n<ol style=\"list-style-type:lower-alpha\" class=\"wp-block-list\">\n<li>niega la exactitud de los datos personales, hasta que acordemos qu\u00e9 datos son correctos,<\/li>\n\n\n\n<li>tratamos sus datos personales sin una base legal suficiente (por ejemplo, m\u00e1s all\u00e1 de lo que debemos tratar), pero Usted prefiere limitar \u00fanicamente dichos datos antes de su supresi\u00f3n (por ejemplo, si espera que nos proporcione dichos datos en el futuro de todos modos), <\/li>\n\n\n\n<li>ya no necesitamos sus datos personales para la finalidad de tratamiento mencionada anteriormente, pero Usted los solicita para la determinaci\u00f3n, el ejercicio o la defensa de sus reclamaciones legales, o <\/li>\n\n\n\n<li>se opone al tratamiento de datos personales. Durante el tiempo que investigamos si su objeci\u00f3n es justificada, estamos obligados a limitar el tratamiento de sus datos personales. <\/li>\n<\/ol>\n\n<p><strong>Derecho a oponerse al tratamiento<\/strong><\/p>\n\n<p>Tiene derecho a oponerse al tratamiento de datos personales que se realiza sobre la base de nuestro inter\u00e9s leg\u00edtimo. Dejaremos de tratar sus datos personales si no tenemos motivos leg\u00edtimos imperiosos para continuar con dicho tratamiento. <\/p>\n\n<p><strong>Derecho a presentar una reclamaci\u00f3n<\/strong><\/p>\n\n<p>El ejercicio de los derechos de la forma mencionada anteriormente no afecta en modo alguno a su derecho a presentar una reclamaci\u00f3n ante la Oficina de Protecci\u00f3n de Datos Personales. Puede ejercer este derecho en particular si considera que tratamos sus datos personales de forma il\u00edcita o en contravenci\u00f3n de las normas legales generalmente vinculantes. <\/p>\n\n<p>Puede presentar una reclamaci\u00f3n contra el tratamiento de datos personales que realizamos ante la Oficina de Protecci\u00f3n de Datos Personales, con domicilio en Pplk. Sochora 27, 170 00 Praga 7. <\/p>\n\n<h3 class=\"wp-block-heading\"><strong>F. \u00bfC\u00f3mo se pueden ejercer los distintos derechos?<\/strong><\/h3>\n\n<p>En todos los asuntos relacionados con el tratamiento de datos personales, ya sea una consulta, el ejercicio de un derecho, la presentaci\u00f3n de una reclamaci\u00f3n o cualquier otra cosa, puede ponerse en contacto con nosotros a trav\u00e9s de los siguientes contactos: <\/p>\n\n<p><strong>Correo electr\u00f3nico<\/strong>: <a href=\"mailto:info@leite-group.eu\">info@leite-group.eu<\/a><\/p>\n\n<p><strong>Direcci\u00f3n postal<\/strong>: Leite group s.r.o., Kabe\u0161ova 943\/2, Vyso\u010dany, 190 00 Praga 9<\/p>\n\n<p>La informaci\u00f3n de contacto actual est\u00e1 disponible en nuestro sitio web.<\/p>\n\n<p>Tramitaremos su solicitud sin dilaci\u00f3n indebida, pero como m\u00e1ximo en el plazo de un mes. En casos excepcionales, en particular debido a la complejidad de su solicitud, tenemos derecho a prorrogar este plazo por otros dos meses. Por supuesto, le informaremos de dicha posible pr\u00f3rroga y de su justificaci\u00f3n.   <\/p>\n","protected":false},"excerpt":{"rendered":"<p>Memor\u00e1ndum informativo sobre el tratamiento de datos personales Leite group s.r.o., NIF: 041 64 920, con domicilio social en Kabe\u0161ova 943\/2, Vyso\u010dany, 190 00 Praga 9, inscrita en el Registro Mercantil del Tribunal Municipal de Praga, con el n\u00famero de referencia C 243533 (en adelante, \u00abnosotros\u00bb), consideramos la protecci\u00f3n de datos personales como parte integrante [&hellip;]<\/p>\n","protected":false},"author":1,"featured_media":2567,"parent":0,"menu_order":0,"comment_status":"closed","ping_status":"closed","template":"","meta":{"_acf_changed":false,"footnotes":""},"class_list":["post-2566","page","type-page","status-publish","has-post-thumbnail","hentry"],"acf":[],"_links":{"self":[{"href":"https:\/\/leite.cz\/es\/wp-json\/wp\/v2\/pages\/2566","targetHints":{"allow":["GET"]}}],"collection":[{"href":"https:\/\/leite.cz\/es\/wp-json\/wp\/v2\/pages"}],"about":[{"href":"https:\/\/leite.cz\/es\/wp-json\/wp\/v2\/types\/page"}],"author":[{"embeddable":true,"href":"https:\/\/leite.cz\/es\/wp-json\/wp\/v2\/users\/1"}],"replies":[{"embeddable":true,"href":"https:\/\/leite.cz\/es\/wp-json\/wp\/v2\/comments?post=2566"}],"version-history":[{"count":1,"href":"https:\/\/leite.cz\/es\/wp-json\/wp\/v2\/pages\/2566\/revisions"}],"predecessor-version":[{"id":2568,"href":"https:\/\/leite.cz\/es\/wp-json\/wp\/v2\/pages\/2566\/revisions\/2568"}],"wp:featuredmedia":[{"embeddable":true,"href":"https:\/\/leite.cz\/es\/wp-json\/wp\/v2\/media\/2567"}],"wp:attachment":[{"href":"https:\/\/leite.cz\/es\/wp-json\/wp\/v2\/media?parent=2566"}],"curies":[{"name":"wp","href":"https:\/\/api.w.org\/{rel}","templated":true}]}}